{"id":74,"date":"2022-05-20T08:46:49","date_gmt":"2022-05-20T08:46:49","guid":{"rendered":"https:\/\/sailorsdreams.com\/?page_id=74"},"modified":"2022-05-20T12:14:52","modified_gmt":"2022-05-20T12:14:52","slug":"que-es-el-pper","status":"publish","type":"page","link":"https:\/\/sailorsdreams.com\/?page_id=74","title":{"rendered":"QUE ES EL PPER ?"},"content":{"rendered":"\n<table id=\"tablepress-2\" class=\"tablepress tablepress-id-2\">\n<thead>\n<tr class=\"row-1\">\n\t<td class=\"column-1\"><\/td><th class=\"column-2\">QUE ES EL PPER ?<\/th><td class=\"column-3\"><\/td>\n<\/tr>\n<\/thead>\n<tbody class=\"row-striping row-hover\">\n<tr class=\"row-2\">\n\t<td class=\"column-1\"><img loading=\"lazy\" decoding=\"async\" src=\"https:\/\/sailorsdreams.com\/wp-content\/uploads\/2022\/05\/Ok.jpg\" alt=\"\" width=\"24\" height=\"24\" class=\"alignnone size-full wp-image-110\" \/><br \/>\n<br \/>\n<\/td><td class=\"column-2\"><\/td><td class=\"column-3\">Es un Certificado Nacional Mar\u00edtimo expedido por la DGMM.<\/td>\n<\/tr>\n<tr class=\"row-3\">\n\t<td class=\"column-1\"><\/td><td class=\"column-2\"><strong>QUE NECESITO ?<\/strong><\/td><td class=\"column-3\"><\/td>\n<\/tr>\n<tr class=\"row-4\">\n\t<td class=\"column-1\"><img loading=\"lazy\" decoding=\"async\" src=\"https:\/\/sailorsdreams.com\/wp-content\/uploads\/2022\/05\/Ok.jpg\" alt=\"\" width=\"24\" height=\"24\" class=\"alignnone size-full wp-image-110\" \/><br \/>\n<\/td><td class=\"column-2\"><\/td><td class=\"column-3\">Ser mayor de 20 a\u00f1os.<\/td>\n<\/tr>\n<tr class=\"row-5\">\n\t<td class=\"column-1\"><img src=\"https:\/\/sailorsdreams.com\/wp-content\/uploads\/2022\/05\/Ok.jpg\" alt=\"\" width=\"24\" <img loading=\"lazy\" decoding=\"async\" src=\"https:\/\/sailorsdreams.com\/wp-content\/uploads\/2022\/05\/Ok.jpg\" alt=\"\" width=\"24\" height=\"24\" class=\"alignnone size-full wp-image-110\" \/><br \/>\n<\/td><td class=\"column-2\"><\/td><td class=\"column-3\">Estar en posesi\u00f3n del Capit\u00e1n de Yate expedido.<\/td>\n<\/tr>\n<tr class=\"row-6\">\n\t<td class=\"column-1\"><img src=\"https:\/\/sailorsdreams.com\/wp-content\/uploads\/2022\/05\/Ok.jpg\" alt=\"\" width=\"24\" <img loading=\"lazy\" decoding=\"async\" src=\"https:\/\/sailorsdreams.com\/wp-content\/uploads\/2022\/05\/Ok.jpg\" alt=\"\" width=\"24\" height=\"24\" class=\"alignnone size-full wp-image-110\" \/><br \/>\n<\/td><td class=\"column-2\"><\/td><td class=\"column-3\">Superar el examen de Legislaci\u00f3n Mar\u00edtima Espa\u00f1ola.<\/td>\n<\/tr>\n<tr class=\"row-7\">\n\t<td class=\"column-1\"><img src=\"https:\/\/sailorsdreams.com\/wp-content\/uploads\/2022\/05\/Ok.jpg\" alt=\"\" width=\"24\" <img loading=\"lazy\" decoding=\"async\" src=\"https:\/\/sailorsdreams.com\/wp-content\/uploads\/2022\/05\/Ok.jpg\" alt=\"\" width=\"24\" height=\"24\" class=\"alignnone size-full wp-image-110\" \/><br \/>\n<\/td><td class=\"column-2\"><\/td><td class=\"column-3\">Certificado Formaci\u00f3n B\u00e1sica<\/td>\n<\/tr>\n<tr class=\"row-8\">\n\t<td class=\"column-1\"><img src=\"https:\/\/sailorsdreams.com\/wp-content\/uploads\/2022\/05\/Ok.jpg\" alt=\"\" width=\"24\" <img loading=\"lazy\" decoding=\"async\" src=\"https:\/\/sailorsdreams.com\/wp-content\/uploads\/2022\/05\/Ok.jpg\" alt=\"\" width=\"24\" height=\"24\" class=\"alignnone size-full wp-image-110\" \/><br \/>\n<\/td><td class=\"column-2\"><\/td><td class=\"column-3\">Certificado Operador Restringido \u00f3 General de Radio<\/td>\n<\/tr>\n<tr class=\"row-9\">\n\t<td class=\"column-1\"><img src=\"https:\/\/sailorsdreams.com\/wp-content\/uploads\/2022\/05\/Ok.jpg\" alt=\"\" width=\"24\" <img loading=\"lazy\" decoding=\"async\" src=\"https:\/\/sailorsdreams.com\/wp-content\/uploads\/2022\/05\/Ok.jpg\" alt=\"\" width=\"24\" height=\"24\" class=\"alignnone size-full wp-image-110\" \/><br \/>\n<\/td><td class=\"column-2\"><\/td><td class=\"column-3\">Certificado Formaci\u00f3n Sanitaria Inicial<\/td>\n<\/tr>\n<tr class=\"row-10\">\n\t<td class=\"column-1\"><img loading=\"lazy\" decoding=\"async\" src=\"https:\/\/sailorsdreams.com\/wp-content\/uploads\/2022\/05\/Ok.jpg\" alt=\"\" width=\"24\" height=\"24\" class=\"alignnone size-full wp-image-110\" \/><br \/>\n<br \/>\n<\/td><td class=\"column-2\"><\/td><td class=\"column-3\">Superar el examen m\u00e9dico del Instituto Social de la Marina.<\/td>\n<\/tr>\n<tr class=\"row-11\">\n\t<td class=\"column-1\"><img loading=\"lazy\" decoding=\"async\" src=\"https:\/\/sailorsdreams.com\/wp-content\/uploads\/2022\/05\/Ok.jpg\" alt=\"\" width=\"24\" height=\"24\" class=\"alignnone size-full wp-image-110\" \/><br \/>\n<\/td><td class=\"column-2\"><\/td><td class=\"column-3\">Declaraci\u00f3n responsable de navegaci\u00f3n \u00f3 Registro de Navegaci\u00f3n.<\/td>\n<\/tr>\n<\/tbody>\n<\/table>\n\n\n\n\n<p><\/p>\n","protected":false},"excerpt":{"rendered":"","protected":false},"author":2,"featured_media":0,"parent":0,"menu_order":0,"comment_status":"closed","ping_status":"closed","template":"","meta":{"footnotes":""},"class_list":["post-74","page","type-page","status-publish","hentry"],"_links":{"self":[{"href":"https:\/\/sailorsdreams.com\/index.php?rest_route=\/wp\/v2\/pages\/74","targetHints":{"allow":["GET"]}}],"collection":[{"href":"https:\/\/sailorsdreams.com\/index.php?rest_route=\/wp\/v2\/pages"}],"about":[{"href":"https:\/\/sailorsdreams.com\/index.php?rest_route=\/wp\/v2\/types\/page"}],"author":[{"embeddable":true,"href":"https:\/\/sailorsdreams.com\/index.php?rest_route=\/wp\/v2\/users\/2"}],"replies":[{"embeddable":true,"href":"https:\/\/sailorsdreams.com\/index.php?rest_route=%2Fwp%2Fv2%2Fcomments&post=74"}],"version-history":[{"count":6,"href":"https:\/\/sailorsdreams.com\/index.php?rest_route=\/wp\/v2\/pages\/74\/revisions"}],"predecessor-version":[{"id":124,"href":"https:\/\/sailorsdreams.com\/index.php?rest_route=\/wp\/v2\/pages\/74\/revisions\/124"}],"wp:attachment":[{"href":"https:\/\/sailorsdreams.com\/index.php?rest_route=%2Fwp%2Fv2%2Fmedia&parent=74"}],"curies":[{"name":"wp","href":"https:\/\/api.w.org\/{rel}","templated":true}]}}