{"id":199,"date":"2022-05-23T12:56:18","date_gmt":"2022-05-23T12:56:18","guid":{"rendered":"https:\/\/sailorsdreams.com\/?page_id=199"},"modified":"2022-05-23T12:56:19","modified_gmt":"2022-05-23T12:56:19","slug":"atribuciones-profesionales-2","status":"publish","type":"page","link":"https:\/\/sailorsdreams.com\/?page_id=199","title":{"rendered":"Atribuciones profesionales"},"content":{"rendered":"\n<table id=\"tablepress-3\" class=\"tablepress tablepress-id-3\">\n<thead>\n<tr class=\"row-1\">\n\t<td class=\"column-1\"><\/td><td class=\"column-2\"><\/td><th class=\"column-3\">ATRIBUCIONES PROFESIONALES.<\/th>\n<\/tr>\n<\/thead>\n<tbody class=\"row-striping row-hover\">\n<tr class=\"row-2\">\n\t<td class=\"column-1\"><\/td><td class=\"column-2\"><strong>RELATIVAS A NAVEGACI\u00d3N<\/strong><\/td><td class=\"column-3\"><\/td>\n<\/tr>\n<tr class=\"row-3\">\n\t<td class=\"column-1\"><img loading=\"lazy\" decoding=\"async\" src=\"https:\/\/sailorsdreams.com\/wp-content\/uploads\/2022\/05\/Ok.jpg\" alt=\"\" width=\"24\" height=\"24\" class=\"alignnone size-full wp-image-110\" \/><br \/>\n<\/td><td class=\"column-2\"><\/td><td class=\"column-3\">Para el gobierno de embarcaciones de recreo de bandera espa\u00f1ola matriculadas en las listas sexta o s\u00e9ptima, siempre que no lleven m\u00e1s de 12 pasajeros m\u00e1s la tripulaci\u00f3n con el l\u00edmite de personas a bordo seg\u00fan la clasificaci\u00f3n de la embarcaci\u00f3n, y de eslora igual o inferior a 24 m, en las siguientes categor\u00edas de navegaci\u00f3n:<\/td>\n<\/tr>\n<tr class=\"row-4\">\n\t<td class=\"column-1\"><img loading=\"lazy\" decoding=\"async\" src=\"https:\/\/sailorsdreams.com\/wp-content\/uploads\/2022\/05\/Ok.jpg\" alt=\"\" width=\"24\" height=\"24\" class=\"alignnone size-full wp-image-110\" \/><br \/>\n<\/td><td class=\"column-2\"><\/td><td class=\"column-3\">1.\u00aa Primera categor\u00eda: Navegaciones a lo largo de la costa dentro de la zona comprendida entre \u00e9sta y la l\u00ednea de 60 millas paralela a la misma.<\/td>\n<\/tr>\n<tr class=\"row-5\">\n\t<td class=\"column-1\"><img loading=\"lazy\" decoding=\"async\" src=\"https:\/\/sailorsdreams.com\/wp-content\/uploads\/2022\/05\/Ok.jpg\" alt=\"\" width=\"24\" height=\"24\" class=\"alignnone size-full wp-image-110\" \/><br \/>\n<\/td><td class=\"column-2\"><\/td><td class=\"column-3\">2.\u00aa Segunda categor\u00eda: Navegaciones de cabotaje y a lo largo de la costa dentro de la zona comprendida entre \u00e9sta y la l\u00ednea de 150 millas paralela a la misma.<\/td>\n<\/tr>\n<tr class=\"row-6\">\n\t<td class=\"column-1\"><\/td><td class=\"column-2\"><strong>RELATIVAS A FORMACI\u00d3N<\/strong><\/td><td class=\"column-3\"><\/td>\n<\/tr>\n<tr class=\"row-7\">\n\t<td class=\"column-1\"><img loading=\"lazy\" decoding=\"async\" src=\"https:\/\/sailorsdreams.com\/wp-content\/uploads\/2022\/05\/Ok.jpg\" alt=\"\" width=\"24\" height=\"24\" class=\"alignnone size-full wp-image-110\" \/><br \/>\n<\/td><td class=\"column-2\"><\/td><td class=\"column-3\">Instructor en escuelas n\u00e1uticas de recreo como profesor de cursos de radiocomunicaciones mar\u00edtimas. GMDSS.<\/td>\n<\/tr>\n<tr class=\"row-8\">\n\t<td class=\"column-1\"><img loading=\"lazy\" decoding=\"async\" src=\"https:\/\/sailorsdreams.com\/wp-content\/uploads\/2022\/05\/Ok.jpg\" alt=\"\" width=\"24\" height=\"24\" class=\"alignnone size-full wp-image-110\" \/><br \/>\n<\/td><td class=\"column-2\"><\/td><td class=\"column-3\"><a href=\"https:\/\/sailorsdreams.com\/wp-content\/uploads\/2022\/05\/Atribuciones-2022.jpg\">Instructor en escuelas n\u00e1uticas de recreo como profesor de cursos te\u00f3ricos o de pr\u00e1cticas de navegaci\u00f3n, hasta Patr\u00f3n de Embarcaciones de Recreo.<\/a><\/td>\n<\/tr>\n<tr class=\"row-9\">\n\t<td class=\"column-1\"><img loading=\"lazy\" decoding=\"async\" src=\"https:\/\/sailorsdreams.com\/wp-content\/uploads\/2022\/05\/Ok.jpg\" alt=\"\" width=\"24\" height=\"24\" class=\"alignnone size-full wp-image-110\" \/><br \/>\n<\/td><td class=\"column-2\"><\/td><td class=\"column-3\">Instructor en escuelas n\u00e1uticas de recreo como profesor de pr\u00e1cticas de vela.<\/td>\n<\/tr>\n<\/tbody>\n<\/table>\n\n\n\n\n<p><\/p>\n","protected":false},"excerpt":{"rendered":"","protected":false},"author":2,"featured_media":0,"parent":0,"menu_order":0,"comment_status":"closed","ping_status":"closed","template":"","meta":{"footnotes":""},"class_list":["post-199","page","type-page","status-publish","hentry"],"_links":{"self":[{"href":"https:\/\/sailorsdreams.com\/index.php?rest_route=\/wp\/v2\/pages\/199","targetHints":{"allow":["GET"]}}],"collection":[{"href":"https:\/\/sailorsdreams.com\/index.php?rest_route=\/wp\/v2\/pages"}],"about":[{"href":"https:\/\/sailorsdreams.com\/index.php?rest_route=\/wp\/v2\/types\/page"}],"author":[{"embeddable":true,"href":"https:\/\/sailorsdreams.com\/index.php?rest_route=\/wp\/v2\/users\/2"}],"replies":[{"embeddable":true,"href":"https:\/\/sailorsdreams.com\/index.php?rest_route=%2Fwp%2Fv2%2Fcomments&post=199"}],"version-history":[{"count":1,"href":"https:\/\/sailorsdreams.com\/index.php?rest_route=\/wp\/v2\/pages\/199\/revisions"}],"predecessor-version":[{"id":200,"href":"https:\/\/sailorsdreams.com\/index.php?rest_route=\/wp\/v2\/pages\/199\/revisions\/200"}],"wp:attachment":[{"href":"https:\/\/sailorsdreams.com\/index.php?rest_route=%2Fwp%2Fv2%2Fmedia&parent=199"}],"curies":[{"name":"wp","href":"https:\/\/api.w.org\/{rel}","templated":true}]}}