{"id":102,"date":"2022-05-20T10:19:35","date_gmt":"2022-05-20T10:19:35","guid":{"rendered":"https:\/\/sailorsdreams.com\/?page_id=102"},"modified":"2022-05-22T05:16:09","modified_gmt":"2022-05-22T05:16:09","slug":"salidas-profesionales-pper","status":"publish","type":"page","link":"https:\/\/sailorsdreams.com\/?page_id=102","title":{"rendered":"Salidas Profesionales PPER"},"content":{"rendered":"\n<p><\/p>\n\n\n\n<table id=\"tablepress-1\" class=\"tablepress tablepress-id-1\">\n<thead>\n<tr class=\"row-1\">\n\t<td class=\"column-1\"><\/td><th class=\"column-2\">SALIDAS PROFESIONALES DE UN PPER<\/th>\n<\/tr>\n<\/thead>\n<tbody class=\"row-striping row-hover\">\n<tr class=\"row-2\">\n\t<td class=\"column-1\"><img loading=\"lazy\" decoding=\"async\" src=\"https:\/\/sailorsdreams.com\/wp-content\/uploads\/2022\/05\/Ok.jpg\" alt=\"\" width=\"24\" height=\"24\" class=\"alignnone size-full wp-image-110\" \/><br \/>\n<\/td><td class=\"column-2\">Instructor en escuelas n\u00e1uticas de recreo como profesor de cursos te\u00f3ricos o\u00a0de pr\u00e1cticas de navegaci\u00f3n, hasta Patr\u00f3n de Embarcaciones de Recreo.<br \/>\n<\/td>\n<\/tr>\n<tr class=\"row-3\">\n\t<td class=\"column-1\"><img loading=\"lazy\" decoding=\"async\" src=\"https:\/\/sailorsdreams.com\/wp-content\/uploads\/2022\/05\/Ok.jpg\" alt=\"\" width=\"24\" height=\"24\" class=\"alignnone size-full wp-image-110\" \/><br \/>\n<\/td><td class=\"column-2\">Instructor en escuelas n\u00e1uticas de recreo como profesor de cursos de radiocomunicaciones mar\u00edtimas. GMDSS.<br \/>\n<\/td>\n<\/tr>\n<tr class=\"row-4\">\n\t<td class=\"column-1\"><img loading=\"lazy\" decoding=\"async\" src=\"https:\/\/sailorsdreams.com\/wp-content\/uploads\/2022\/05\/Ok.jpg\" alt=\"\" width=\"24\" height=\"24\" class=\"alignnone size-full wp-image-110\" \/><br \/>\n<\/td><td class=\"column-2\">Patr\u00f3n en embarcaciones de lista 6\u00aa y 7\u00aa como patr\u00f3n profesional a bordo. Ch\u00e1rter.<\/td>\n<\/tr>\n<tr class=\"row-5\">\n\t<td class=\"column-1\"><img loading=\"lazy\" decoding=\"async\" src=\"https:\/\/sailorsdreams.com\/wp-content\/uploads\/2022\/05\/Ok.jpg\" alt=\"\" width=\"24\" height=\"24\" class=\"alignnone size-full wp-image-110\" \/><br \/>\n<\/td><td class=\"column-2\">Patr\u00f3n para el traslado de embarcaciones de recreo.<\/td>\n<\/tr>\n<tr class=\"row-6\">\n\t<td class=\"column-1\"><img loading=\"lazy\" decoding=\"async\" src=\"https:\/\/sailorsdreams.com\/wp-content\/uploads\/2022\/05\/Ok.jpg\" alt=\"\" width=\"24\" height=\"24\" class=\"alignnone size-full wp-image-110\" \/><br \/>\n<\/td><td class=\"column-2\">Patr\u00f3n en embarcaciones de centros de buceo.<\/td>\n<\/tr>\n<tr class=\"row-7\">\n\t<td class=\"column-1\"><img loading=\"lazy\" decoding=\"async\" src=\"https:\/\/sailorsdreams.com\/wp-content\/uploads\/2022\/05\/Ok.jpg\" alt=\"\" width=\"24\" height=\"24\" class=\"alignnone size-full wp-image-110\" \/><br \/>\n<\/td><td class=\"column-2\">Realizaci\u00f3n de pruebas de mar de embarcaciones de recreo y de motos de agua.<\/td>\n<\/tr>\n<\/tbody>\n<\/table>\n<!-- #tablepress-1 from cache -->\n","protected":false},"excerpt":{"rendered":"","protected":false},"author":2,"featured_media":0,"parent":0,"menu_order":0,"comment_status":"closed","ping_status":"closed","template":"","meta":{"footnotes":""},"class_list":["post-102","page","type-page","status-publish","hentry"],"_links":{"self":[{"href":"https:\/\/sailorsdreams.com\/index.php?rest_route=\/wp\/v2\/pages\/102","targetHints":{"allow":["GET"]}}],"collection":[{"href":"https:\/\/sailorsdreams.com\/index.php?rest_route=\/wp\/v2\/pages"}],"about":[{"href":"https:\/\/sailorsdreams.com\/index.php?rest_route=\/wp\/v2\/types\/page"}],"author":[{"embeddable":true,"href":"https:\/\/sailorsdreams.com\/index.php?rest_route=\/wp\/v2\/users\/2"}],"replies":[{"embeddable":true,"href":"https:\/\/sailorsdreams.com\/index.php?rest_route=%2Fwp%2Fv2%2Fcomments&post=102"}],"version-history":[{"count":7,"href":"https:\/\/sailorsdreams.com\/index.php?rest_route=\/wp\/v2\/pages\/102\/revisions"}],"predecessor-version":[{"id":189,"href":"https:\/\/sailorsdreams.com\/index.php?rest_route=\/wp\/v2\/pages\/102\/revisions\/189"}],"wp:attachment":[{"href":"https:\/\/sailorsdreams.com\/index.php?rest_route=%2Fwp%2Fv2%2Fmedia&parent=102"}],"curies":[{"name":"wp","href":"https:\/\/api.w.org\/{rel}","templated":true}]}}